{"id":3819,"date":"2026-03-11T09:20:29","date_gmt":"2026-03-11T13:20:29","guid":{"rendered":"https:\/\/ppgcianimal.ufms.br\/?page_id=3819"},"modified":"2026-03-11T09:33:11","modified_gmt":"2026-03-11T13:33:11","slug":"credenciamento-de-docentes","status":"publish","type":"page","link":"https:\/\/ppgcianimal.ufms.br\/en\/credenciamento-de-docentes\/","title":{"rendered":"Credenciamento de Docentes"},"content":{"rendered":"<p>RESOLU\u00c7\u00c3O N\u00ba 1.035-COPP\/UFMS, DE 23 DE JUNHO DE 2025.<\/p>\n<p>Art. 10. Os crit\u00e9rios para credenciamento e descredenciamento de professores nos Programas de P\u00f3s-Gradua\u00e7\u00e3o ser\u00e3o definidos pelo Colegiado de Curso, de acordo com orienta\u00e7\u00e3o e delibera\u00e7\u00e3o da Pr\u00f3-Reitoria de Pesquisa e P\u00f3s-Gradua\u00e7\u00e3o, com base nos documentos de \u00e1rea da Coordena\u00e7\u00e3o de Aperfei\u00e7oamento de Pessoal de N\u00edvel Superior.<\/p>\n<p>\u00a7 1\u00ba O credenciamento e o descredenciamento dos professores nos Programas de P\u00f3s-Gradua\u00e7\u00e3o dever\u00e3o ser realizados por meio de Edital p\u00fablico da Pr\u00f3-Reitoria de Pesquisa e P\u00f3s-Gradua\u00e7\u00e3o, com ampla divulga\u00e7\u00e3o na UFMS.<\/p>\n<p>\u00a7 2\u00ba O descredenciamento tamb\u00e9m poder\u00e1 ocorrer mediante solicita\u00e7\u00e3o justificada do professor.<\/p>\n<p>Art. 11. As altera\u00e7\u00f5es no Corpo Docente nos Programas de P\u00f3s-Gradua\u00e7\u00e3o dever\u00e3o ser apreciadas pelo Colegiado de Curso, e, posteriormente, aprovadas pelo Conselho da Unidade da Administra\u00e7\u00e3o Setorial, com anu\u00eancia da Pr\u00f3-Reitoria de Pesquisa e P\u00f3s-Gradua\u00e7\u00e3o.<\/p>\n<p>Par\u00e1grafo \u00fanico. O credenciamento de JDP seguir\u00e1 os crit\u00e9rios da ficha de avalia\u00e7\u00e3o da \u00e1rea da Capes, sendo admitido professores com tempo m\u00e1ximo de titula\u00e7\u00e3o de at\u00e9 cinco anos anteriores ao seu credenciamento.<\/p>\n<p>&nbsp;<\/p>\n<p>\u00daltimos editais de credenciamento, recredenciamento e descredenciamento de docentes:<\/p>\n<p><a href=\"https:\/\/ppgcianimal.ufms.br\/files\/2025\/02\/Edital-61-2025-REsultado-Preliminar-PPG-Ciencia-Animal.pdf\" target=\"_blank\" rel=\"noopener\">EDITAL DE CREDENCIAMENTO DE DOCENTES 2025<\/a><\/p>\n<p><a href=\"https:\/\/ppgcianimal.ufms.br\/files\/2025\/03\/EDITAL-PROPP_RTR-n-76-de-12-03-2025.pdf\" target=\"_blank\" rel=\"noopener\">RESULTADO CREDENCIAMENTO DE DOCENTES 2025<\/a><\/p>\n<p>&nbsp;<\/p>\n<p><a href=\"https:\/\/ppgcianimal.ufms.br\/files\/2018\/09\/Edital-recredenciamento-descredenciamento-credenciamento.pdf\" target=\"_blank\" rel=\"noopener\">EDITAL CREDENCIAMENTO DE DOCENTES 2018<\/a><\/p>\n<p>&nbsp;<\/p>\n","protected":false},"excerpt":{"rendered":"<p>RESOLU\u00c7\u00c3O N\u00ba 1.035-COPP\/UFMS, DE 23 DE JUNHO DE 2025. Art. 10. Os crit\u00e9rios para credenciamento e descredenciamento de professores nos Programas de P\u00f3s-Gradua\u00e7\u00e3o ser\u00e3o definidos pelo Colegiado de Curso, de acordo com orienta\u00e7\u00e3o e delibera\u00e7\u00e3o da Pr\u00f3-Reitoria de Pesquisa e P\u00f3s-Gradua\u00e7\u00e3o, com base nos documentos de \u00e1rea da Coordena\u00e7\u00e3o de Aperfei\u00e7oamento de Pessoal de N\u00edvel&#8230;<\/p>\n","protected":false},"author":62279,"featured_media":0,"parent":0,"menu_order":0,"comment_status":"closed","ping_status":"closed","template":"","meta":{"_acf_changed":false,"ngg_post_thumbnail":0,"footnotes":""},"coauthors":[12],"class_list":["post-3819","page","type-page","status-publish","hentry"],"acf":[],"_links":{"self":[{"href":"https:\/\/ppgcianimal.ufms.br\/en\/wp-json\/wp\/v2\/pages\/3819","targetHints":{"allow":["GET"]}}],"collection":[{"href":"https:\/\/ppgcianimal.ufms.br\/en\/wp-json\/wp\/v2\/pages"}],"about":[{"href":"https:\/\/ppgcianimal.ufms.br\/en\/wp-json\/wp\/v2\/types\/page"}],"author":[{"embeddable":true,"href":"https:\/\/ppgcianimal.ufms.br\/en\/wp-json\/wp\/v2\/users\/62279"}],"replies":[{"embeddable":true,"href":"https:\/\/ppgcianimal.ufms.br\/en\/wp-json\/wp\/v2\/comments?post=3819"}],"version-history":[{"count":4,"href":"https:\/\/ppgcianimal.ufms.br\/en\/wp-json\/wp\/v2\/pages\/3819\/revisions"}],"predecessor-version":[{"id":3824,"href":"https:\/\/ppgcianimal.ufms.br\/en\/wp-json\/wp\/v2\/pages\/3819\/revisions\/3824"}],"wp:attachment":[{"href":"https:\/\/ppgcianimal.ufms.br\/en\/wp-json\/wp\/v2\/media?parent=3819"}],"wp:term":[{"taxonomy":"author","embeddable":true,"href":"https:\/\/ppgcianimal.ufms.br\/en\/wp-json\/wp\/v2\/coauthors?post=3819"}],"curies":[{"name":"wp","href":"https:\/\/api.w.org\/{rel}","templated":true}]}}