{"id":361,"date":"2017-07-19T10:32:05","date_gmt":"2017-07-19T14:32:05","guid":{"rendered":"https:\/\/ppgcianimal.ufms.br\/?page_id=361"},"modified":"2020-07-21T14:22:36","modified_gmt":"2020-07-21T18:22:36","slug":"doutorado-sanduiche","status":"publish","type":"page","link":"https:\/\/ppgcianimal.ufms.br\/en\/doutorado-sanduiche\/","title":{"rendered":"(Portugu\u00eas do Brasil) Doutorado Sandu\u00edche"},"content":{"rendered":"<h3 style=\"text-align: left\"><strong>Rodrigo Cunha Casquero<\/strong><\/h3>\n<p style=\"text-align: left\">Doutorado sandu\u00edche na University of Qeensland Austr\u00e1lia, no per\u00edodo de 4\/8\/12 a 18\/1\/2013; 12 meses.<\/p>\n<h3 style=\"text-align: left\"><strong>Ana Beatriz Canevari Castel\u00e3o<\/strong><\/h3>\n<p style=\"text-align: left\">Doutorado sandu\u00edche no USDA &#8211; Departamento de Agricultura dos Estados Unidos em Ames, Iowa, nos Estados Unidos, permaneceu na institui\u00e7\u00e3o por 04 meses em 2013;<\/p>\n<h3 style=\"text-align: left\"><strong>Marcella C\u00e2ndia D&#8217;Oliveira<\/strong><\/h3>\n<p style=\"text-align: left\">Doutorado sandu\u00edche na Texas A&amp;M University, nos Estados Unidos, com per\u00edodo sandu\u00edche de 12 meses (Orientador: Marcel Amstalden); 09\/2013 a 08\/2014. 12 meses.<\/p>\n<h3 style=\"text-align: left\"><strong>Rebeca Marcos<\/strong><\/h3>\n<p style=\"text-align: left\">Doutorado sandu\u00edche:\u00a0Projeto Euro-Brazillian Windows +, na Universidade de Tras dos Montes, em Portugal,\u00a0iniciou em 28\/08\/2015 e terminou em 23\/07\/2016; 12 meses.<\/p>\n<h3 style=\"text-align: left\"><strong>Camilla Mendon\u00e7a da Silva<\/strong><\/h3>\n<p style=\"text-align: left\">Doutorado sandu\u00edche M\u00farcia (PDSE), na Universidade de M\u00farcia na Espanha, iniciou em 01\/09\/2015 e terminou 31\/07\/2016;<\/p>\n<h3 style=\"text-align: left\"><strong>Alexandre Pereira da Silva<\/strong><\/h3>\n<p style=\"text-align: left\">Doutorado sandu\u00edche (PDSE), na Kansas State University, EUA, iniciou em 10\/08\/2015 e terminou em 24\/07\/2016; 12 meses.<\/p>\n<h3 style=\"text-align: left\"><strong>Danilo Alves Mar\u00e7al<\/strong><\/h3>\n<p style=\"text-align: left\">Doutorado sandu\u00edche (PDSE), na Kansas State University, EUA, iniciou em 10\/08\/2015 e terminou em 24\/07\/2016; 12 meses.<\/p>","protected":false},"excerpt":{"rendered":"<p>Rodrigo Cunha Casquero Doutorado sandu\u00edche na University of Qeensland Austr\u00e1lia, no per\u00edodo de 4\/8\/12 a 18\/1\/2013; 12 meses. Ana Beatriz Canevari Castel\u00e3o Doutorado sandu\u00edche no USDA &#8211; Departamento de Agricultura dos Estados Unidos em Ames, Iowa, nos Estados Unidos, permaneceu na institui\u00e7\u00e3o por 04 meses em 2013; Marcella C\u00e2ndia D&#8217;Oliveira Doutorado sandu\u00edche na Texas A&amp;M&#8230;<\/p>\n","protected":false},"author":13041,"featured_media":0,"parent":0,"menu_order":0,"comment_status":"closed","ping_status":"closed","template":"","meta":{"_acf_changed":false,"ngg_post_thumbnail":0,"footnotes":""},"coauthors":[],"class_list":["post-361","page","type-page","status-publish","hentry"],"acf":[],"_links":{"self":[{"href":"https:\/\/ppgcianimal.ufms.br\/en\/wp-json\/wp\/v2\/pages\/361","targetHints":{"allow":["GET"]}}],"collection":[{"href":"https:\/\/ppgcianimal.ufms.br\/en\/wp-json\/wp\/v2\/pages"}],"about":[{"href":"https:\/\/ppgcianimal.ufms.br\/en\/wp-json\/wp\/v2\/types\/page"}],"author":[{"embeddable":true,"href":"https:\/\/ppgcianimal.ufms.br\/en\/wp-json\/wp\/v2\/users\/13041"}],"replies":[{"embeddable":true,"href":"https:\/\/ppgcianimal.ufms.br\/en\/wp-json\/wp\/v2\/comments?post=361"}],"version-history":[{"count":18,"href":"https:\/\/ppgcianimal.ufms.br\/en\/wp-json\/wp\/v2\/pages\/361\/revisions"}],"predecessor-version":[{"id":1417,"href":"https:\/\/ppgcianimal.ufms.br\/en\/wp-json\/wp\/v2\/pages\/361\/revisions\/1417"}],"wp:attachment":[{"href":"https:\/\/ppgcianimal.ufms.br\/en\/wp-json\/wp\/v2\/media?parent=361"}],"wp:term":[{"taxonomy":"author","embeddable":true,"href":"https:\/\/ppgcianimal.ufms.br\/en\/wp-json\/wp\/v2\/coauthors?post=361"}],"curies":[{"name":"wp","href":"https:\/\/api.w.org\/{rel}","templated":true}]}}