{"id":346,"date":"2017-07-19T09:03:47","date_gmt":"2017-07-19T13:03:47","guid":{"rendered":"https:\/\/ppgcianimal.ufms.br\/?page_id=346"},"modified":"2023-05-11T09:34:28","modified_gmt":"2023-05-11T13:34:28","slug":"doutorado-2","status":"publish","type":"page","link":"https:\/\/ppgcianimal.ufms.br\/en\/doutorado-2\/","title":{"rendered":"Doctorate"},"content":{"rendered":"Adriana Concei\u00e7on Guercio<br \/>\nAlberto de Oliveira Gaspar<br \/>\nAlexandre Guimar\u00e3es In\u00e1cio<br \/>\nAlexandre Pereira dos Santos<br \/>\nAlex Coene Fleitas<br \/>\nAlysson Martins Wanderley<br \/>\nAnderson Luiz de Lucca Bento<br \/>\nAndreia Regis de Assis<br \/>\nAndr\u00e9 Luiz do Nascimento Silva<br \/>\nAndr\u00e9 Luiz Nunes<br \/>\nAnna Leticia Rigo Munhoz Louzan<br \/>\nAriadne Patricia Leonardo<br \/>\nArlene Sobrinho Ventura<br \/>\nBruna Biava de Menezes<br \/>\nCamilla Mendon\u00e7a Silva<br \/>\nCarolina de Arruda Queir\u00f3z<br \/>\nCaroline Carvalho de Oliveira<br \/>\nCatherine Cecilia Walker<br \/>\nCinthia Dalcin Baur<br \/>\nDiego Martins da Silva Echeverria<br \/>\nDyego Gon\u00e7alves Lino Borges<br \/>\nEdneia Pereira Rosa<br \/>\nEva Nara Oliveira Gomes<br \/>\n\u00c9velyn Silva de Melo<br \/>\nFabiane Ortiz do Carmo Gomes Coca<br \/>\nFernando Henrique Garcia Furtado<br \/>\nFl\u00e1via Carolina F\u00e1vero<br \/>\nGabriela Puhl Rodrigues<br \/>\nGabriella de Oliveira Dalla Martha<br \/>\nGleice Kelli Ayardes de Melo<br \/>\nGustavo Garcia Santiago<br \/>\nHenrique Barbosa de Freitas<br \/>\nHilda Silva Araujo<br \/>\nIbrahim Miranda Cortada Neto<br \/>\nIsabella Maiumi Zaidan Blecha<br \/>\nJo\u00e3o Artemio Marin Beltrame<br \/>\nJorge Granja de Oliveira Junior<br \/>\nJosilaine Aparecida da Costa Lima<br \/>\nJ\u00falia Pandolfo<br \/>\nKarine Cansian<br \/>\nKedma Leonora Silva Monteiro<br \/>\nKelly Cristina Nunes Carvalho<br \/>\nLaice Menes Laice<br \/>\nLaura Regina dos Santos Ferreira<br \/>\nLet\u00edcia Emiliani Fantini<br \/>\nLorena Silva da Rosa<br \/>\nLuana Barbosa Pires<br \/>\nLuana Silva Caramalac<br \/>\nLuanna Lopes Paiva<br \/>\nLuciana Junges<br \/>\nLucimara Modesto Nonato<br \/>\nLucy Mery Antonia Surita<br \/>\nMarcelo Cezar Soares<br \/>\nMarcelo Vedovatto<br \/>\nMarcus Vinicius Garcia Niwa<br \/>\nMarlova Cristina Mioto da Costa<br \/>\nMayara Mitiko Yoshihara Carneiro<br \/>\nNat\u00e1lia da Silva Heimbach<br \/>\nNat\u00e1lia Ramos Batista<br \/>\nNath\u00e1lia Rafaela Fidelis Campos<br \/>\nNoemila Debora Kozerski<br \/>\nPatrick Bezerra Fernandes<br \/>\nPhilipe Thiago Leite Barbosa<br \/>\nRaizza F\u00e1tima Abad\u00eda Tulux Rocha<br \/>\nRebeca Marcos<br \/>\nRog\u00e9rio Gon\u00e7alves Mateus<br \/>\nRosiane Araujo Rodrigues Nass<br \/>\nSoraia Andressa Dall Agnol Marques<br \/>\nStephan Alexander da Silva Alencar<br \/>\nThalles Policarpo de Carvalho Lima<br \/>\nThiago Rodrigues da Silva<br \/>\nVitor Corr\u00eaa de Oliveira<br \/>\nWilian Aparecido Leite da Silva","protected":false},"excerpt":{"rendered":"<p>Adriana Concei\u00e7on Guercio Alberto de Oliveira Gaspar Alexandre Guimar\u00e3es In\u00e1cio Alexandre Pereira dos Santos Alex Coene Fleitas Alysson Martins Wanderley Anderson Luiz de Lucca Bento Andreia Regis de Assis Andr\u00e9 Luiz do Nascimento Silva Andr\u00e9 Luiz Nunes Anna Leticia Rigo Munhoz Louzan Ariadne Patricia Leonardo Arlene Sobrinho Ventura Bruna Biava de Menezes Camilla Mendon\u00e7a Silva&#8230;<\/p>\n","protected":false},"author":13041,"featured_media":0,"parent":0,"menu_order":0,"comment_status":"closed","ping_status":"closed","template":"","meta":{"_acf_changed":false,"ngg_post_thumbnail":0,"footnotes":""},"coauthors":[],"class_list":["post-346","page","type-page","status-publish","hentry"],"acf":[],"_links":{"self":[{"href":"https:\/\/ppgcianimal.ufms.br\/en\/wp-json\/wp\/v2\/pages\/346","targetHints":{"allow":["GET"]}}],"collection":[{"href":"https:\/\/ppgcianimal.ufms.br\/en\/wp-json\/wp\/v2\/pages"}],"about":[{"href":"https:\/\/ppgcianimal.ufms.br\/en\/wp-json\/wp\/v2\/types\/page"}],"author":[{"embeddable":true,"href":"https:\/\/ppgcianimal.ufms.br\/en\/wp-json\/wp\/v2\/users\/13041"}],"replies":[{"embeddable":true,"href":"https:\/\/ppgcianimal.ufms.br\/en\/wp-json\/wp\/v2\/comments?post=346"}],"version-history":[{"count":19,"href":"https:\/\/ppgcianimal.ufms.br\/en\/wp-json\/wp\/v2\/pages\/346\/revisions"}],"predecessor-version":[{"id":2233,"href":"https:\/\/ppgcianimal.ufms.br\/en\/wp-json\/wp\/v2\/pages\/346\/revisions\/2233"}],"wp:attachment":[{"href":"https:\/\/ppgcianimal.ufms.br\/en\/wp-json\/wp\/v2\/media?parent=346"}],"wp:term":[{"taxonomy":"author","embeddable":true,"href":"https:\/\/ppgcianimal.ufms.br\/en\/wp-json\/wp\/v2\/coauthors?post=346"}],"curies":[{"name":"wp","href":"https:\/\/api.w.org\/{rel}","templated":true}]}}