{"id":3459,"date":"2025-08-22T12:15:31","date_gmt":"2025-08-22T16:15:31","guid":{"rendered":"https:\/\/ppgcianimal.ufms.br\/?page_id=3459"},"modified":"2025-08-22T12:15:31","modified_gmt":"2025-08-22T16:15:31","slug":"profa-dra-cristiane-fatima-meldau-de-campo-amaral","status":"publish","type":"page","link":"https:\/\/ppgcianimal.ufms.br\/en\/docentes-efetivos\/profa-dra-cristiane-fatima-meldau-de-campo-amaral\/","title":{"rendered":"(Portugu\u00eas do Brasil) Profa. Dra. Cristiane F\u00e1tima Meldau de Campo Amaral\u200b"},"content":{"rendered":"\t\t<div data-elementor-type=\"wp-page\" data-elementor-id=\"3459\" class=\"elementor elementor-3459\">\n\t\t\t\t<div class=\"elementor-element elementor-element-7f3fe88 e-flex e-con-boxed e-con e-parent\" data-id=\"7f3fe88\" data-element_type=\"container\">\n\t\t\t\t\t<div class=\"e-con-inner\">\n\t\t<div class=\"elementor-element elementor-element-1675054 e-con-full e-flex e-con e-child\" data-id=\"1675054\" data-element_type=\"container\">\n\t\t\t\t<div class=\"elementor-element elementor-element-671db01 elementor-widget elementor-widget-image\" data-id=\"671db01\" data-element_type=\"widget\" data-widget_type=\"image.default\">\n\t\t\t\t<div class=\"elementor-widget-container\">\n\t\t\t\t\t\t\t\t\t\t\t\t\t\t\t<img fetchpriority=\"high\" decoding=\"async\" width=\"530\" height=\"530\" src=\"https:\/\/ppgcianimal.ufms.br\/files\/2025\/08\/uems_imagens_2023-07-11_09-43-58.png\" class=\"attachment-large size-large wp-image-3380\" alt=\"\" srcset=\"https:\/\/ppgcianimal.ufms.br\/files\/2025\/08\/uems_imagens_2023-07-11_09-43-58.png 530w, https:\/\/ppgcianimal.ufms.br\/files\/2025\/08\/uems_imagens_2023-07-11_09-43-58-300x300.png 300w, https:\/\/ppgcianimal.ufms.br\/files\/2025\/08\/uems_imagens_2023-07-11_09-43-58-150x150.png 150w, https:\/\/ppgcianimal.ufms.br\/files\/2025\/08\/uems_imagens_2023-07-11_09-43-58-320x320.png 320w\" sizes=\"(max-width: 530px) 100vw, 530px\" \/>\t\t\t\t\t\t\t\t\t\t\t\t\t\t\t<\/div>\n\t\t\t\t<\/div>\n\t\t\t\t<\/div>\n\t\t<div class=\"elementor-element elementor-element-902e05c e-con-full e-flex e-con e-child\" data-id=\"902e05c\" data-element_type=\"container\">\n\t\t\t\t<div class=\"elementor-element elementor-element-42b1376 elementor-widget elementor-widget-heading\" data-id=\"42b1376\" data-element_type=\"widget\" data-widget_type=\"heading.default\">\n\t\t\t\t<div class=\"elementor-widget-container\">\n\t\t\t\t\t<h3 class=\"elementor-heading-title elementor-size-default\">Compet\u00eancias:<\/h3>\t\t\t\t<\/div>\n\t\t\t\t<\/div>\n\t\t\t\t<div class=\"elementor-element elementor-element-1101f18 elementor-widget elementor-widget-text-editor\" data-id=\"1101f18\" data-element_type=\"widget\" data-widget_type=\"text-editor.default\">\n\t\t\t\t<div class=\"elementor-widget-container\">\n\t\t\t\t\t\t\t\t\t<p>Gradua\u00e7\u00e3o em Ci\u00eancias Biol\u00f3gicas, Universidade Federal de Mato Grosso do Sul, UFMS.<br \/>Mestrado em Desenvolvimento Sustent\u00e1vel, Universidade de Bras\u00edlia, UNB.<br \/>Doutorado em Aquicultura, Universidade Estadual Paulista J\u00falio de Mesquita Filho, UNESP.<\/p><p><strong>\u00c1reas de Atua\u00e7\u00e3o:\u00a0<\/strong>Aquicultura.<\/p><p><strong>Linha de Pesquisa: Aquicultura, Produ\u00e7\u00e3o e Nutri\u00e7\u00e3o de N\u00e3o-Ruminantes<\/strong><\/p>\t\t\t\t\t\t\t\t<\/div>\n\t\t\t\t<\/div>\n\t\t\t\t<div class=\"elementor-element elementor-element-6e938e7 elementor-shape-circle e-grid-align-left elementor-grid-0 elementor-widget elementor-widget-social-icons\" data-id=\"6e938e7\" data-element_type=\"widget\" data-widget_type=\"social-icons.default\">\n\t\t\t\t<div class=\"elementor-widget-container\">\n\t\t\t\t\t\t\t<div class=\"elementor-social-icons-wrapper elementor-grid\">\n\t\t\t\t\t\t\t<span class=\"elementor-grid-item\">\n\t\t\t\t\t<a class=\"elementor-icon elementor-social-icon elementor-social-icon-envelope elementor-repeater-item-f7fe9c6\" href=\"mailto:cmeldau@uems.br\" target=\"_blank\">\n\t\t\t\t\t\t<span class=\"elementor-screen-only\">Envelope<\/span>\n\t\t\t\t\t\t<svg class=\"e-font-icon-svg e-fas-envelope\" viewBox=\"0 0 512 512\" xmlns=\"http:\/\/www.w3.org\/2000\/svg\"><path d=\"M502.3 190.8c3.9-3.1 9.7-.2 9.7 4.7V400c0 26.5-21.5 48-48 48H48c-26.5 0-48-21.5-48-48V195.6c0-5 5.7-7.8 9.7-4.7 22.4 17.4 52.1 39.5 154.1 113.6 21.1 15.4 56.7 47.8 92.2 47.6 35.7.3 72-32.8 92.3-47.6 102-74.1 131.6-96.3 154-113.7zM256 320c23.2.4 56.6-29.2 73.4-41.4 132.7-96.3 142.8-104.7 173.4-128.7 5.8-4.5 9.2-11.5 9.2-18.9v-19c0-26.5-21.5-48-48-48H48C21.5 64 0 85.5 0 112v19c0 7.4 3.4 14.3 9.2 18.9 30.6 23.9 40.7 32.4 173.4 128.7 16.8 12.2 50.2 41.8 73.4 41.4z\"><\/path><\/svg>\t\t\t\t\t<\/a>\n\t\t\t\t<\/span>\n\t\t\t\t\t\t\t<span class=\"elementor-grid-item\">\n\t\t\t\t\t<a class=\"elementor-icon elementor-social-icon elementor-social-icon- elementor-repeater-item-4cd24ec\" href=\"http:\/\/lattes.cnpq.br\/1252337885723792\" target=\"_blank\">\n\t\t\t\t\t\t<span class=\"elementor-screen-only\"><\/span>\n\t\t\t\t\t\t<svg xmlns:dc=\"http:\/\/purl.org\/dc\/elements\/1.1\/\" xmlns:cc=\"http:\/\/creativecommons.org\/ns#\" xmlns:rdf=\"http:\/\/www.w3.org\/1999\/02\/22-rdf-syntax-ns#\" xmlns:svg=\"http:\/\/www.w3.org\/2000\/svg\" xmlns=\"http:\/\/www.w3.org\/2000\/svg\" xmlns:sodipodi=\"http:\/\/sodipodi.sourceforge.net\/DTD\/sodipodi-0.dtd\" xmlns:inkscape=\"http:\/\/www.inkscape.org\/namespaces\/inkscape\" sodipodi:docname=\"lattes.svg\" inkscape:version=\"1.0 (1.0+r73+1)\" id=\"svg8\" viewBox=\"0 0 448 512\" height=\"512\" width=\"448\"><title id=\"title833\">Plataforma Lattes<\/title><defs id=\"defs2\"><\/defs><metadata><\/metadata><g inkscape:label=\"icon\" id=\"layer6\" inkscape:groupmode=\"layer\"><path id=\"path2\" d=\"M 97.871854,434.73261 C 51.534463,339.78442 23.965602,282.44369 23.965602,281.02029 c 0,-2.32214 2.831558,-1.99974 30.672084,3.45957 48.965204,9.61389 75.126384,12.32631 118.735104,12.34258 57.69707,0.0159 104.6807,-9.1222 141.18473,-27.4842 19.31194,-9.71476 30.92555,-18.32755 40.43708,-29.99337 11.716,-14.37824 15.47977,-24.28004 15.61512,-40.94646 0.11867,-15.85237 -2.01801,-24.21167 -11.19035,-43.60874 -3.62892,-7.66433 -6.8168,-16.46265 -7.12098,-19.54964 -0.47493,-4.96814 -0.0684,-5.68084 3.59445,-6.10361 8.00292,-0.94846 47.50732,37.40224 62.05491,60.24069 25.07592,39.38574 27.11161,81.99337 5.88408,123.1953 -13.03903,25.31314 -27.44972,42.82712 -51.57723,62.73362 -40.09844,33.06211 -86.70754,56.08608 -151.06833,74.63514 C 186.61557,459.91141 130.71496,472 119.20225,472 c -2.44075,0 -7.02006,-8.00296 -21.295953,-37.28315 l -0.03402,0.0151 z M 110.77601,281.61191 C 65.760136,275.77998 27.985273,270.70947 26.81537,270.33687 24.815625,269.6926 17.660677,245.82107 13.624773,226.39004 12.607902,221.4726 11.11559,208.45131 10.30202,197.43174 6.6716589,148.26132 17.370799,114.26648 46.041165,83.697237 94.583571,31.98518 198.51713,25.694031 315.77765,67.369458 c 20.58274,7.324215 28.75504,12.410983 24.975,15.580668 -2.79708,2.339846 -21.75315,2.305883 -54.50916,-0.102387 -51.20464,-3.763759 -90.18335,3.357226 -110.27491,20.176211 -30.58742,25.60158 -25.92345,81.72365 13.53071,162.68196 4.27316,8.76586 8.57881,17.34466 9.56318,19.09094 2.28966,4.01773 0.62803,7.74899 -3.3572,7.56196 -1.69755,-0.0813 -39.91486,-4.91203 -84.92926,-10.74592 z m 151.01614,-44.04726 c -35.92814,-6.45997 -68.22691,-28.7388 -78.65437,-54.22127 -5.00209,-12.24165 -4.76437,-28.2131 0.57585,-37.77483 4.83279,-8.64723 17.3107,-18.64993 28.48481,-22.83843 18.59924,-6.96791 51.17019,-4.18853 74.90688,6.40975 22.53229,10.05487 42.50672,27.73816 49.93183,44.18457 9.52925,21.10841 1.59321,44.65955 -18.82072,55.90059 -13.5307,7.44285 -39.82676,11.32572 -56.44249,8.34109 h 0.0181 z\" style=\"stroke-width:0.0675235\"><\/path><\/g><\/svg>\t\t\t\t\t<\/a>\n\t\t\t\t<\/span>\n\t\t\t\t\t\t\t<span class=\"elementor-grid-item\">\n\t\t\t\t\t<a class=\"elementor-icon elementor-social-icon elementor-social-icon- elementor-repeater-item-0a438a4\" target=\"_blank\">\n\t\t\t\t\t\t<span class=\"elementor-screen-only\"><\/span>\n\t\t\t\t\t\t<svg xmlns:dc=\"http:\/\/purl.org\/dc\/elements\/1.1\/\" xmlns:cc=\"http:\/\/creativecommons.org\/ns#\" xmlns:rdf=\"http:\/\/www.w3.org\/1999\/02\/22-rdf-syntax-ns#\" xmlns:svg=\"http:\/\/www.w3.org\/2000\/svg\" xmlns=\"http:\/\/www.w3.org\/2000\/svg\" xmlns:sodipodi=\"http:\/\/sodipodi.sourceforge.net\/DTD\/sodipodi-0.dtd\" xmlns:inkscape=\"http:\/\/www.inkscape.org\/namespaces\/inkscape\" sodipodi:docname=\"researcherid.svg\" inkscape:version=\"1.0 (1.0+r73+1)\" id=\"svg8\" viewBox=\"0 0 320 512\" height=\"512\" width=\"320\"><title id=\"title833\">ResearcherID<\/title><defs id=\"defs2\"><\/defs><metadata><\/metadata><g inkscape:label=\"icon\" id=\"layer6\" inkscape:groupmode=\"layer\"><path id=\"path2\" d=\"M 18.560221,447.99914 V 64 H 152.41616 c 34.22381,0 58.6717,3.455812 73.34367,10.352093 14.67196,6.896322 26.71982,18.864102 36.144,35.888077 9.42419,17.02394 14.14393,37.40792 14.14393,61.16806 0,30.03214 -7.19994,54.22408 -21.616,72.55967 -14.41603,18.33559 -34.88004,29.85582 -61.42399,34.57601 13.61584,9.7759 24.88013,20.47974 33.792,32.08006 8.91187,11.61601 21.03978,32.4318 36.41613,62.47968 l 38.22388,74.8959 h -75.84009 l -45.98377,-83.5518 c -16.55978,-30.20801 -27.8079,-49.1198 -33.74388,-56.70385 -5.93598,-7.58406 -12.22417,-12.83184 -18.86409,-15.71191 -6.63993,-2.88006 -17.2799,-4.31987 -31.951873,-4.31987 H 81.93591 V 448 H 18.560221 Z M 81.93591,226.39968 h 47.15191 c 28.81588,0 47.15191,-1.26393 55.00808,-3.79179 7.85618,-2.52789 14.22398,-7.6322 19.12003,-15.32779 4.89606,-7.67988 7.3281,-17.90378 7.3281,-30.63983 0,-12.22416 -2.4478,-22.04778 -7.3281,-29.47212 -4.8803,-7.42437 -11.51978,-12.52777 -19.90402,-15.32779 -5.93599,-1.92017 -23.13584,-2.88006 -51.59997,-2.88006 H 81.93591 v 97.43983 z\" style=\"stroke-width:0.0675235\"><\/path><\/g><\/svg>\t\t\t\t\t<\/a>\n\t\t\t\t<\/span>\n\t\t\t\t\t\t\t<span class=\"elementor-grid-item\">\n\t\t\t\t\t<a class=\"elementor-icon elementor-social-icon elementor-social-icon- elementor-repeater-item-fe9693a\" target=\"_blank\">\n\t\t\t\t\t\t<span class=\"elementor-screen-only\"><\/span>\n\t\t\t\t\t\t<svg xmlns:dc=\"http:\/\/purl.org\/dc\/elements\/1.1\/\" xmlns:cc=\"http:\/\/creativecommons.org\/ns#\" xmlns:rdf=\"http:\/\/www.w3.org\/1999\/02\/22-rdf-syntax-ns#\" xmlns:svg=\"http:\/\/www.w3.org\/2000\/svg\" xmlns=\"http:\/\/www.w3.org\/2000\/svg\" xmlns:sodipodi=\"http:\/\/sodipodi.sourceforge.net\/DTD\/sodipodi-0.dtd\" xmlns:inkscape=\"http:\/\/www.inkscape.org\/namespaces\/inkscape\" sodipodi:docname=\"scopus.svg\" inkscape:version=\"1.0 (1.0+r73+1)\" id=\"svg8\" viewBox=\"0 0 512 512\" height=\"512\" width=\"512\"><title id=\"title861\">Scopus<\/title><defs id=\"defs2\"><\/defs><metadata><\/metadata><g inkscape:label=\"icon\" id=\"layer6\" inkscape:groupmode=\"layer\"><path id=\"rect1609\" style=\"opacity:0.999;fill-opacity:1;stroke:none;stroke-width:1.5118;stroke-linecap:square\" d=\"M 64,64 V 448 H 448 V 64 Z m 116.81542,99.92578 c 22.22181,0 32.04017,2.58584 45.73537,8.27051 l -1.292,20.41113 c -14.72837,-8.7855 -26.35575,-11.36718 -43.15137,-11.36718 -19.37945,0 -29.2002,14.72659 -29.2002,28.16308 0,18.08753 17.31277,24.80703 33.59181,34.62597 20.92965,12.40292 42.63573,23.51411 42.63573,48.06153 0,32.2992 -27.64955,48.57714 -54.00585,48.57714 -18.86288,0 -32.5565,-2.84253 -45.99316,-9.04393 l 3.10254,-20.41407 c 13.17814,8.01015 24.54717,11.88867 41.85937,11.88867 17.57072,0 32.29688,-11.88662 32.29688,-28.42383 0,-17.05391 -16.53489,-23.51559 -32.29688,-33.07617 -21.18819,-12.91968 -44.44336,-24.28934 -44.44336,-50.64551 0,-26.35612 19.37863,-47.02734 51.16112,-47.02734 z m 161.70412,0 c 26.09777,0 37.72572,3.10211 51.9375,9.82031 l -1.54982,19.37988 c -15.50393,-8.52716 -31.78349,-11.88573 -52.97168,-11.88573 -33.59128,0 -62.27343,26.61294 -62.27343,69.76464 0,40.82619 29.19944,71.5752 65.8916,71.5752 16.79562,0 33.59152,-3.35879 49.35351,-11.88575 l 1.54981,19.6377 c -13.95327,6.97658 -31.52275,9.82031 -52.71094,9.82031 -42.11835,0 -87.33692,-31.00949 -87.33692,-87.59766 0,-49.6116 37.98197,-88.6289 88.11037,-88.6289 z\"><\/path><\/g><\/svg>\t\t\t\t\t<\/a>\n\t\t\t\t<\/span>\n\t\t\t\t\t\t\t<span class=\"elementor-grid-item\">\n\t\t\t\t\t<a class=\"elementor-icon elementor-social-icon elementor-social-icon- elementor-repeater-item-9c2ee74\" target=\"_blank\">\n\t\t\t\t\t\t<span class=\"elementor-screen-only\"><\/span>\n\t\t\t\t\t\t<svg xmlns:dc=\"http:\/\/purl.org\/dc\/elements\/1.1\/\" xmlns:cc=\"http:\/\/creativecommons.org\/ns#\" xmlns:rdf=\"http:\/\/www.w3.org\/1999\/02\/22-rdf-syntax-ns#\" xmlns:svg=\"http:\/\/www.w3.org\/2000\/svg\" xmlns=\"http:\/\/www.w3.org\/2000\/svg\" xmlns:sodipodi=\"http:\/\/sodipodi.sourceforge.net\/DTD\/sodipodi-0.dtd\" xmlns:inkscape=\"http:\/\/www.inkscape.org\/namespaces\/inkscape\" sodipodi:docname=\"orcid.svg\" inkscape:version=\"1.0 (1.0+r73+1)\" id=\"svg8\" viewBox=\"0 0 512 512\" height=\"512\" width=\"512\"><title id=\"title833\">Orcid<\/title><defs id=\"defs2\"><\/defs><metadata><\/metadata><g inkscape:label=\"icon\" id=\"layer6\" inkscape:groupmode=\"layer\"><path id=\"path2\" d=\"m 336.6206,194.53756 c -7.12991,-3.32734 -13.8671,-5.55949 -20.25334,-6.61343 -6.36534,-1.09517 -16.57451,-1.61223 -30.71059,-1.61223 h -36.70409 v 152.74712 h 37.63425 c 14.6735,0 26.08126,-1.01267 34.22385,-3.01709 8.14259,-2.00442 14.92159,-4.52592 20.35674,-7.62608 5.43519,-3.07925 10.416,-6.8615 14.94192,-11.38742 14.4876,-14.71475 21.74129,-33.27334 21.74129,-55.7176 0,-22.05151 -7.44016,-40.05177 -22.34085,-53.98159 -5.49732,-5.16674 -11.82143,-9.44459 -18.88918,-12.79281 z M 255.99999,8.0000031 C 119.02153,8.0000031 8.0000034,119.04185 8.0000034,255.99998 8.0000034,392.95812 119.02153,504 255.99999,504 392.97849,504 504,392.95812 504,255.99998 504,119.04185 392.97849,8.0000031 255.99999,8.0000031 Z M 173.66372,365.51268 H 144.27546 V 160.1481 h 29.38826 z M 158.94954,138.69619 c -11.13935,0 -20.21208,-9.01056 -20.21208,-20.21208 0,-11.11841 9.05183,-20.191181 20.21208,-20.191181 11.18058,0 20.23244,9.051831 20.23244,20.191181 -0.0219,11.22184 -9.05186,20.21208 -20.23244,20.21208 z m 241.3866,163.59715 c -5.29051,12.54475 -12.83407,23.58066 -22.65053,33.08742 -9.98203,9.83734 -21.59659,17.19443 -34.84378,22.19616 -7.74983,3.01709 -14.83852,5.06335 -21.30725,6.11726 -6.4891,1.01267 -18.82759,1.50883 -37.07593,1.50883 H 219.5033 V 160.1481 h 69.23318 c 27.96195,0 50.03378,4.1541 66.31951,12.54476 16.26485,8.36977 29.18144,20.72859 38.79164,36.97254 9.61013,16.26483 14.4254,34.01757 14.4254,53.19607 0.0227,13.76426 -2.66619,26.90802 -7.93576,39.43187 z\" style=\"stroke-width:0.07717\"><\/path><\/g><\/svg>\t\t\t\t\t<\/a>\n\t\t\t\t<\/span>\n\t\t\t\t\t<\/div>\n\t\t\t\t\t\t<\/div>\n\t\t\t\t<\/div>\n\t\t\t\t<\/div>\n\t\t\t\t\t<\/div>\n\t\t\t\t<\/div>\n\t\t\t\t<\/div>\n\t\t","protected":false},"excerpt":{"rendered":"<p>Compet\u00eancias: Gradua\u00e7\u00e3o em Ci\u00eancias Biol\u00f3gicas, Universidade Federal de Mato Grosso do Sul, UFMS.Mestrado em Desenvolvimento Sustent\u00e1vel, Universidade de Bras\u00edlia, UNB.Doutorado em Aquicultura, Universidade Estadual Paulista J\u00falio de Mesquita Filho, UNESP. \u00c1reas de Atua\u00e7\u00e3o:\u00a0Aquicultura. Linha de Pesquisa: Aquicultura, Produ\u00e7\u00e3o e Nutri\u00e7\u00e3o de N\u00e3o-Ruminantes Envelope Plataforma Lattes ResearcherID Scopus Orcid<\/p>\n","protected":false},"author":58884,"featured_media":0,"parent":3343,"menu_order":0,"comment_status":"closed","ping_status":"closed","template":"","meta":{"ngg_post_thumbnail":0,"footnotes":""},"coauthors":[13],"class_list":["post-3459","page","type-page","status-publish","hentry"],"_links":{"self":[{"href":"https:\/\/ppgcianimal.ufms.br\/en\/wp-json\/wp\/v2\/pages\/3459","targetHints":{"allow":["GET"]}}],"collection":[{"href":"https:\/\/ppgcianimal.ufms.br\/en\/wp-json\/wp\/v2\/pages"}],"about":[{"href":"https:\/\/ppgcianimal.ufms.br\/en\/wp-json\/wp\/v2\/types\/page"}],"author":[{"embeddable":true,"href":"https:\/\/ppgcianimal.ufms.br\/en\/wp-json\/wp\/v2\/users\/58884"}],"replies":[{"embeddable":true,"href":"https:\/\/ppgcianimal.ufms.br\/en\/wp-json\/wp\/v2\/comments?post=3459"}],"version-history":[{"count":5,"href":"https:\/\/ppgcianimal.ufms.br\/en\/wp-json\/wp\/v2\/pages\/3459\/revisions"}],"predecessor-version":[{"id":3623,"href":"https:\/\/ppgcianimal.ufms.br\/en\/wp-json\/wp\/v2\/pages\/3459\/revisions\/3623"}],"up":[{"embeddable":true,"href":"https:\/\/ppgcianimal.ufms.br\/en\/wp-json\/wp\/v2\/pages\/3343"}],"wp:attachment":[{"href":"https:\/\/ppgcianimal.ufms.br\/en\/wp-json\/wp\/v2\/media?parent=3459"}],"wp:term":[{"taxonomy":"author","embeddable":true,"href":"https:\/\/ppgcianimal.ufms.br\/en\/wp-json\/wp\/v2\/coauthors?post=3459"}],"curies":[{"name":"wp","href":"https:\/\/api.w.org\/{rel}","templated":true}]}}