{"id":124,"date":"2017-06-29T13:59:24","date_gmt":"2017-06-29T17:59:24","guid":{"rendered":"http:\/\/ppgcianimal.draconis.ufms.br\/?page_id=124"},"modified":"2026-02-27T12:58:38","modified_gmt":"2026-02-27T16:58:38","slug":"docentes","status":"publish","type":"page","link":"https:\/\/ppgcianimal.ufms.br\/en\/docentes\/","title":{"rendered":"Teachers"},"content":{"rendered":"<h3><strong>Dr.\u00a0Alexandre Menezes Dias<\/strong><\/h3>\n<p>Gradua\u00e7\u00e3o em Zootecnia, Universidade Cat\u00f3lica Dom Bosco, UCDB.<br \/>\nMestrado em Zootecnia, Universidade Estadual do Sudoeste da Bahia, UESB.<br \/>\nDoutorado em Zootecnia, Universidade Estadual de Maring\u00e1, UEM.<br \/>\n<strong>\u00c1reas de Atua\u00e7\u00e3o:<\/strong>\u00a0Forragicultura e Pastagens. Produ\u00e7\u00e3o Animal em Pastagens.<br \/>\nE-mail:\u00a0<a href=\"mailto:alexandre.menezes@ufms.br\" target=\"_blank\" rel=\"noopener noreferrer\">alexandre.menezes@ufms.br<\/a><br \/>\nLattes :\u00a0<a href=\"http:\/\/lattes.cnpq.br\/3850969644550013\" target=\"_blank\" rel=\"noopener noreferrer\">http:\/\/lattes.cnpq.br\/3850969644550013<\/a><\/p>\n<h3><strong>Profa. Dra. Andr\u00e9a Alves do Egito<\/strong><\/h3>\n<p>Gradua\u00e7\u00e3o em Medicina Veterin\u00e1ria pela Universidade Federal de Mato Grosso do Sul.<br \/>\nMestrado em Ci\u00eancias Biol\u00f3gicas (Gen\u00e9tica). Faculdade de Medicina de Ribeir\u00e3o Preto, USP.<br \/>\nDoutorado em Ci\u00eancias Biol\u00f3gicas (Biologia molecular). Universidade de Bras\u00edlia.<br \/>\n<strong>\u00c1reas de Atua\u00e7\u00e3o:<\/strong>\u00a0Gen\u00e9tica Molecular Aplicada ao Melhoramento Animal.<br \/>\nE-mail:\u00a0<a href=\"mailto:alexandre.menezes@ufms.br\" target=\"_blank\" rel=\"noopener noreferrer\">andrea.egito@embrapa.br<\/a><br \/>\nLattes:\u00a0<a href=\"http:\/\/lattes.cnpq.br\/3093786867437463\">http:\/\/lattes.cnpq.br\/3093786867437463<br \/>\n<\/a><\/p>\n<h3>Prof. Dr. Breno Fernandes Barreto Sampaio<\/h3>\n<p>Gradua\u00e7\u00e3o em Medicina Veterin\u00e1ria. Universidade Federal de Mato Grosso do Sul.<br \/>\nMestrado em Ci\u00eancia Animal. Universidade Federal de Mato Grosso do Sul.<br \/>\nDoutorado em Ci\u00eancia Animal. Universidade Federal de Mato Grosso do Sul.<br \/>\n<strong>\u00c1reas de Atua\u00e7\u00e3o:<\/strong>\u00a0Equideocultura e Reprodu\u00e7\u00e3o Animal.<br \/>\nE-mail:\u00a0<a href=\"mailto:breno.sampaio@ufms.br\">breno.sampaio@ufms.br<\/a><br \/>\nLattes:<a href=\"http:\/\/lattes.cnpq.br\/2374224285412235\" target=\"_blank\" rel=\"noopener noreferrer\">\u00a0http:\/\/lattes.cnpq.br\/2374224285412235<\/a><\/p>\n<h3>Profa. Dra. Camila Celeste Brand\u00e3o Ferreira \u00cdtavo<\/h3>\n<p>Gradua\u00e7\u00e3o em Zootecnia, Universidade Federal de Vi\u00e7osa, UFV.<br \/>\nMestrado em Ci\u00eancia Animal, Universidade Federal de Mato Grosso do Sul, UFMS.<br \/>\nDoutorado em Zootecnia, Universidade Estadual Paulista J\u00falio de Mesquita Filho.UNESP<br \/>\n<strong>\u00c1reas de Atua\u00e7\u00e3o:\u00a0<\/strong>Ovinocultura, Nutri\u00e7\u00e3o e Produ\u00e7\u00e3o de Ruminantes.<br \/>\nE-mail:\u00a0<a href=\"mailto:camila.itavo@ufms.br\" target=\"_blank\" rel=\"noopener noreferrer\">camila.itavo@ufms.br<\/a><br \/>\nLattes:<a href=\"http:\/\/lattes.cnpq.br\/5036313048431959\" target=\"_blank\" rel=\"noopener noreferrer\">\u00a0http:\/\/lattes.cnpq.br\/5036313048431959<\/a><\/p>\n<h3>Prof. Dr. Carlos Alberto do Nascimento Ramos<\/h3>\n<p>Gradua\u00e7\u00e3o em Medicina Veterin\u00e1ria, Universidade Federal Rural de Pernambuco, UFRPE.<br \/>\nMestrado em Ci\u00eancia Animal, Universidade Federal de Mato Grosso do Sul, UFMS.<br \/>\nDoutorado em Medicina Veterin\u00e1ria, Universidade Federal Rural de Pernambuco, UFRPE.<br \/>\n<strong>\u00c1reas de Atua\u00e7\u00e3o:\u00a0<\/strong>Biologia Molecular.<br \/>\nE-mail:\u00a0<a href=\"mailto:carlos.nascimento@ufms.br\" target=\"_blank\" rel=\"noopener noreferrer\">carlos.nascimento@ufms.br<br \/>\n<\/a>Lattes:\u00a0<a href=\"http:\/\/lattes.cnpq.br\/5305019102784319\" target=\"_blank\" rel=\"noopener noreferrer\">http:\/\/lattes.cnpq.br\/5305019102784319<\/a><\/p>\n<h3>Prof. Dr. Charles Kiefer<\/h3>\n<p>Gradua\u00e7\u00e3o em Zootecnia, Universidade Federal de Santa Maria, UFSM.<br \/>\nMestrado em Zootecnia, Universidade Federal de Vi\u00e7osa, UFV.<br \/>\nDoutorado em Zootecnia, Universidade Federal de Vi\u00e7osa, UFV.<br \/>\nP\u00f3s-Doutorado, Universidade Federal de Vi\u00e7osa, UFV.<br \/>\n<strong>\u00c1reas de Atua\u00e7\u00e3o:<\/strong>\u00a0 Suinocultura, Produ\u00e7\u00e3o e Nutri\u00e7\u00e3o de N\u00e3o Ruminantes.<br \/>\nE-mail:\u00a0<a href=\"mailto:charles.kiefer@ufms.br\" target=\"_blank\" rel=\"noopener noreferrer\">charles.kiefer@ufms.br<br \/>\n<\/a>Lattes:\u00a0<a href=\"http:\/\/lattes.cnpq.br\/2332979830265845\" target=\"_blank\" rel=\"noopener noreferrer\">http:\/\/lattes.cnpq.br\/2332979830265845<\/a><\/p>\n<h3>Profa. Dra. Cristiane F\u00e1tima Meldau de Campo Amaral<\/h3>\n<p>Gradua\u00e7\u00e3o em Ci\u00eancias Biol\u00f3gicas, UFMS &#8211; Universidade Federal de Mato Grosso do Sul.<br \/>\nMestrado em Desenvolvimento Sustent\u00e1vel pela UnB &#8211; Universidade de Bras\u00edlia.<br \/>\nDoutorado em Aquicultura pelo Centro de Aquicultura da UNESP &#8211; Universidade Estadual Paulista J\u00falio de Mesquita Filho.<br \/>\n<strong>\u00c1reas de Atua\u00e7\u00e3o:\u00a0<\/strong>Aquicultura.<br \/>\nE-mail:\u00a0<a href=\"mailto:crismeldau@yahoo.com.br\"><span id=\"OBJ_PREFIX_DWT211_ZmEmailObjectHandler\" class=\"Object-hover\">crismeldau@yahoo.com.br<\/span><\/a><br \/>\nLattes:\u00a0<a href=\"http:\/\/lattes.cnpq.br\/1252337885723792\">http:\/\/lattes.cnpq.br\/1252337885723792<\/a><\/p>\n<h3>Prof. Dr. Deiler Sampaio Costa<\/h3>\n<p>Gradua\u00e7\u00e3o em Medicina Veterin\u00e1ria, Universidade Federal de Vi\u00e7osa, UFV.<br \/>\nMestrado em Zootecnia, Universidade Federal de Vi\u00e7osa, UFV.<br \/>\nDoutorado em Ci\u00eancia Animal, Universidade Federal de Minas Gerais, UFMG<br \/>\nP\u00f3s-Doutorado, University of Calgary, U.CALGARI, Canad\u00e1.<br \/>\n<strong>\u00c1reas de Atua\u00e7\u00e3o:<\/strong>\u00a0Reprodu\u00e7\u00e3o Animal.<br \/>\nE-mail:\u00a0<a href=\"http:\/\/deiler.costa@outlook.com\/\" target=\"_blank\" rel=\"noopener noreferrer\">deiler.costa@outlook.com<br \/>\n<\/a>Lattes:\u00a0<a href=\"http:\/\/lattes.cnpq.br\/8402198456738445\" target=\"_blank\" rel=\"noopener noreferrer\">http:\/\/lattes.cnpq.br\/8402198456738445<\/a><\/p>\n<h3>Prof. Dr. F\u00e1bio Jos\u00e9 Faria<\/h3>\n<p>Gradua\u00e7\u00e3o em Medicina Veterin\u00e1ria. UFMS.<br \/>\nMestrado em Zootecnia, Universidade Federal de Minas Gerais, UFMG.<br \/>\nDoutorado em Ci\u00eancia Animal, Universidade Federal de Minas Gerais, UFMG.<br \/>\n<strong>\u00c1reas de Atua\u00e7\u00e3o:<\/strong>\u00a0Gen\u00e9tica e Melhoramento dos Animal.<br \/>\nE-mail:\u00a0<a href=\"mailto:fabio.faria@ufms.br\" target=\"_blank\" rel=\"noopener noreferrer\">fabio.faria@ufms.b<\/a>r<br \/>\nLattes:\u00a0<a href=\"http:\/\/lattes.cnpq.br\/7743639141726158\" target=\"_blank\" rel=\"noopener noreferrer\">http:\/\/lattes.cnpq.br\/7743639141726158<\/a><\/p>\n<h3>Prof. Dr. Fernando de Almeida Borges<\/h3>\n<p>Gradua\u00e7\u00e3o em Medicina Veterin\u00e1ria, Universidade Federal de Uberl\u00e2ndia, UFU.<br \/>\nMestrado em Medicina Veterin\u00e1ria,Universidade Estadual Paulista J\u00falio de Mesquita Filho, UNESP.<br \/>\nDoutorado em Medicina Veterin\u00e1ria ,Universidade Estadual Paulista J\u00falio de Mesquita Filho, UNESP.<br \/>\nP\u00f3s-Doutorado, Freie Universit\u00e4t Berlin, FUB, Alemanha.<br \/>\n<strong>\u00c1reas de Atua\u00e7\u00e3o:<\/strong>\u00a0Parasitologia Animal.<br \/>\nE-mail:\u00a0<a href=\"mailto:fernando.borges@ufms.br\" target=\"_blank\" rel=\"noopener noreferrer\">fernando.borges@ufms.br<br \/>\n<\/a>Lattes:\u00a0<a href=\"http:\/\/lattes.cnpq.br\/2416309879613344\" target=\"_blank\" rel=\"noopener noreferrer\">http:\/\/lattes.cnpq.br\/2416309879613344<\/a><\/p>\n<h3>Prof. Dr. Gumercindo Loriano Franco<\/h3>\n<p>Gradua\u00e7\u00e3o em Zootecnia, Universidade Estadual de Maring\u00e1, UEM.<br \/>\nMestrado em Zootecnia, Universidade Estadual Paulista J\u00falio de Mesquita Filho, UNESP.<br \/>\nDoutorado em Zootecnia, Universidade Estadual Paulista J\u00falio de Mesquita Filho, UNESP.<br \/>\n<strong>\u00c1reas de Atua\u00e7\u00e3o:<\/strong>\u00a0Avalia\u00e7\u00e3o de Alimentos para Animais. Exig\u00eancias Nutricionais dos Animais.\u00a0Nutri\u00e7\u00e3o de Herb\u00edvoros.<br \/>\nE-mail:\u00a0<a href=\"mailto:gumercindo.franco@ufms.br\" target=\"_blank\" rel=\"noopener noreferrer\">gumercindo.franco@ufms.br<br \/>\n<\/a>Lattes:\u00a0<a href=\"http:\/\/lattes.cnpq.br\/6649379535255380\" target=\"_blank\" rel=\"noopener noreferrer\">http:\/\/lattes.cnpq.br\/6649379535255380<\/a><\/p>\n<h3>Prof. Dr. Henrique Jorge Fernandes<\/h3>\n<p>Gradua\u00e7\u00e3o em Zootecnia, Universidade Federal de Vi\u00e7osa.<br \/>\nMestrado em Zootecnia, Universidade Federal de Vi\u00e7osa.<br \/>\nDoutorado em Zootecnia, Universidade Federal de Vi\u00e7osa.<br \/>\n<strong>\u00c1reas de Atua\u00e7\u00e3o:\u00a0Nutri\u00e7\u00e3o e produ\u00e7\u00e3o de Ruminantes. Modelagem.<\/strong><br \/>\nE-mail:\u00a0<a href=\"mailto:henrique.uems@hotmail.com\">henrique.uems@hotmail.com<\/a><a href=\"mailto:gumercindo.franco@ufms.br\" target=\"_blank\" rel=\"noopener noreferrer\"><br \/>\n<\/a>Lattes:\u00a0<a href=\"http:\/\/lattes.cnpq.br\/9461642207566639\">http:\/\/lattes.cnpq.br\/9461642207566639<\/a><\/p>\n<h3>Prof. Dr. Jayme Aparecido Povh<\/h3>\n<p>Gradua\u00e7\u00e3o em Zootecnia, Universidade Estadual de Maring\u00e1, UEM.<br \/>\nMestrado em Zootecnia, Universidade Estadual de Maring\u00e1, UEM.<br \/>\nDoutorado em Zootecnia,Universidade Estadual de Maring\u00e1, UEM.<br \/>\nP\u00f3s-Doutorado,Universidade Estadual de Maring\u00e1, UEM.<br \/>\n<strong>\u00c1reas de Atua\u00e7\u00e3o:\u00a0<\/strong>Aquicultura.\u00a0Gen\u00e9tica Molecular, Reprodu\u00e7\u00e3o de peixes.<br \/>\nE-mail:\u00a0<a href=\"mailto:jayme.peixegen@gmail.com\" target=\"_blank\" rel=\"noopener noreferrer\">jayme.povh@ufms.br<br \/>\n<\/a>Lattes:\u00a0<a href=\"http:\/\/lattes.cnpq.br\/5302782276891697\" target=\"_blank\" rel=\"noopener noreferrer\">http:\/\/lattes.cnpq.br\/5302782276891697<\/a><\/p>\n<h3>Profa. Dra. Karina M\u00e1rcia Ribeiro de Souza Nascimento<\/h3>\n<p>Gradua\u00e7\u00e3o em Zootecnia, Universidade Federal de Mato Grosso do Sul, UFMS.<br \/>\nMestrado em Ci\u00eancia Animal, Universidade Federal de Mato Grosso do Sul, UFMS.<br \/>\nDoutorado em Zootecnia \u2013 Qualidade e Produtividade Animal, Faculdade de Zootecnia e Engenharia de Alimentos da USP.<br \/>\n<strong>\u00c1reas de Atua\u00e7\u00e3o:<\/strong>\u00a0Avicultura, Nutri\u00e7\u00e3o e Produ\u00e7\u00e3o de N\u00e3o Ruminantes.<br \/>\nE-mail:<a href=\"mailto:karina.souza@ufms.br\" target=\"_blank\" rel=\"noopener noreferrer\">karina.souza@ufms.br<br \/>\n<\/a>Lattes:\u00a0<a href=\"http:\/\/lattes.cnpq.br\/2035313762203399\" target=\"_blank\" rel=\"noopener noreferrer\">http:\/\/lattes.cnpq.br\/2035313762203399<\/a><\/p>\n<h3>Prof. Dr. Lu\u00eds Carlos Vinhas \u00cdtavo<\/h3>\n<p>Gradua\u00e7\u00e3o em Zootecnia, Universidade Estadual de Maring\u00e1.<br \/>\nMestrado em Zootecnia (Produ\u00e7\u00e3o Animal), Universidade Estadual de Maring\u00e1.<br \/>\nDoutorado em Zootecnia (Nutri\u00e7\u00e3o de Ruminantes), Universidade Federal de Vi\u00e7osa.<br \/>\n<strong>\u00c1reas de Atua\u00e7\u00e3o:<\/strong>\u00a0Nutri\u00e7\u00e3o e Produ\u00e7\u00e3o de Ruminantes, Avalia\u00e7\u00f5es in vivo, in vitro e in situ de alimentos para ruminantes.<br \/>\nE-mail:\u00a0<a href=\"mailto:luis.itavo@ufms.br\" target=\"_blank\" rel=\"noopener noreferrer\">luis.itavo@ufms.br<br \/>\n<\/a>Lattes :\u00a0<a href=\"http:\/\/lattes.cnpq.br\/2973582366436613\" target=\"_blank\" rel=\"noopener noreferrer\">http:\/\/lattes.cnpq.br\/2973582366436613<\/a><\/p>\n<h3>Profa. Dra. Maria da Gra\u00e7a Morais<\/h3>\n<p>Gradua\u00e7\u00e3o em Medicina Veterin\u00e1ria,\u00a0Universidade Federal de Minas Gerais.<br \/>\nMestrado em Zootecnia, Universidade Federal de Minas Gerais.<br \/>\nDoutorado em Ci\u00eancia Animal,\u00a0Universidade Federal de Minas Gerais.<br \/>\n<strong>\u00c1reas de Atua\u00e7\u00e3o:<\/strong>\u00a0Nutri\u00e7\u00e3o e Produ\u00e7\u00e3o de Ruminantes. forragicultura.<br \/>\nE-mail:\u00a0<a href=\"mailto:morais.mariazinha@gmail.com\" target=\"_blank\" rel=\"noopener noreferrer\">morais.mariazinha@gmail.com<br \/>\n<\/a>Lattes :\u00a0<a href=\"http:\/\/lattes.cnpq.br\/4334919233706998\" target=\"_blank\" rel=\"noopener noreferrer\">http:\/\/lattes.cnpq.br\/4334919233706998<\/a><\/p>\n<h3>Profa. Dra. Marina de Nadai Bonin Gomes<\/h3>\n<p>Gradua\u00e7\u00e3o em Zootecnia.\u00a0Universidade Estadual de Maring\u00e1, UEM.<br \/>\nMestrado em Zootecnia.\u00a0Faculdade de Zootecnia e Engenharia de Alimentos, FZEA\/USP.<br \/>\nDoutorado em Zootecnia.Faculdade de Zootecnia e Engenharia de Alimentos,\u00a0FZEA\/USP.<br \/>\nDoutorado Sandu\u00edche na\u00a0University of Edinburgh \u2013 Scottish Agricultural College<br \/>\n<strong>\u00c1reas de Atua\u00e7\u00e3o:<\/strong>\u00a0Qualidade de Carne e Avalia\u00e7\u00e3o e Tipifica\u00e7\u00e3o de Carca\u00e7as.\u00a0Avalia\u00e7\u00e3o de carca\u00e7as por ultrassom.<br \/>\nE-mail:\u00a0<a href=\"mailto:marinabonin@hotmail.com\" target=\"_blank\" rel=\"noopener noreferrer\">marina.bonin@ufms.br<\/a><br \/>\nLattes:\u00a0<a href=\"http:\/\/lattes.cnpq.br\/5689183842212407\" target=\"_blank\" rel=\"noopener noreferrer\">http:\/\/lattes.cnpq.br\/5689183842212407<\/a><\/p>\n<h3>Prof. Dr. Ricardo Ant\u00f4nio Amaral de Lemos<\/h3>\n<p>Gradua\u00e7\u00e3o em Medicina Veterin\u00e1ria, Universidade Federal de Pelotas, UFPEL, Brasil.<br \/>\nMestrado em Medicina Veterin\u00e1ria , Universidade Federal de Santa Maria, UFSM, Brasil.<br \/>\nDoutorado em Medicina Veterin\u00e1ria , Universidade Estadual Paulista J\u00falio de Mesquita Filho, UNESP, Brasil.<br \/>\n<strong>\u00c1reas de Atua\u00e7\u00e3o:\u00a0<\/strong>Toxicidade e Plantas T\u00f3xicas.<br \/>\nE-mail:\u00a0<a href=\"mailto:ricardo.lemos@ufms.br\" target=\"_blank\" rel=\"noopener noreferrer\">ricardo.lemos@ufms.br<\/a><br \/>\nLattes:\u00a0<a href=\"http:\/\/lattes.cnpq.br\/8298227570138264\" target=\"_blank\" rel=\"noopener noreferrer\">http:\/\/lattes.cnpq.br\/829822757013826<\/a><\/p>\n<h3>Prof. Dr. Ricardo Carneiro Brumatti<\/h3>\n<p>Gradua\u00e7\u00e3o em Zootecnia pela FZEA \u2013 USP.<br \/>\nMestrado em Zootecnia pela FZEA .<br \/>\nDoutorado em Zootecnia pela FZEA.<br \/>\n<strong>\u00c1reas de Interesse:<\/strong>\u00a0Agroneg\u00f3cio, An\u00e1lise mercadol\u00f3gica, avalia\u00e7\u00e3o t\u00e9cnica-econ\u00f4mica de projetos agropecu\u00e1rios.<br \/>\nE-mail:\u00a0<a href=\"mailto:rbrumatti@gmail.com\" target=\"_blank\" rel=\"noopener noreferrer\">rbrumatti@gmail.com<\/a><br \/>\nLattes :\u00a0<a href=\"http:\/\/lattes.cnpq.br\/0798088146657300\" target=\"_blank\" rel=\"noopener noreferrer\">http:\/\/lattes.cnpq.br\/0798088146657300<\/a><\/p>\n<h3>Prof. Dr. Ruy Alberto Caetano Corr\u00eaa Filho<\/h3>\n<p>Gradua\u00e7\u00e3o em Zootecnia, Universidade Federal de Lavras, UFLA.<br \/>\nMestrado em Zootecnia (Melhoramento Gen\u00e9tico Animal). UNESP.<br \/>\nDoutorado em Ci\u00eancias Biol\u00f3gicas (Gen\u00e9tica), \u00a0UNESP.<br \/>\n<strong>\u00c1reas de interesses:<\/strong>\u00a0Estat\u00edstica Aplicada a Experimenta\u00e7\u00e3o Animal.\u00a0Melhoramento Gen\u00e9tico Animal. Piscicultura.<br \/>\nE-mail:<a href=\"http:\/\/ruy.filho@ufms.br\/\">\u00a0ruy.filho@ufms.br<\/a><br \/>\nLattes:\u00a0<a href=\"http:\/\/lattes.cnpq.br\/4027503232010502\">http:\/\/lattes.cnpq.br\/4027503232010502<\/a>","protected":false},"excerpt":{"rendered":"<p>Dr.\u00a0Alexandre Menezes Dias Gradua\u00e7\u00e3o em Zootecnia, Universidade Cat\u00f3lica Dom Bosco, UCDB. Mestrado em Zootecnia, Universidade Estadual do Sudoeste da Bahia, UESB. Doutorado em Zootecnia, Universidade Estadual de Maring\u00e1, UEM. \u00c1reas de Atua\u00e7\u00e3o:\u00a0Forragicultura e Pastagens. Produ\u00e7\u00e3o Animal em Pastagens. E-mail:\u00a0alexandre.menezes@ufms.br Lattes :\u00a0http:\/\/lattes.cnpq.br\/3850969644550013 Profa. Dra. Andr\u00e9a Alves do Egito Gradua\u00e7\u00e3o em Medicina Veterin\u00e1ria pela Universidade Federal de [&hellip;]<\/p>\n","protected":false},"author":13041,"featured_media":0,"parent":0,"menu_order":0,"comment_status":"closed","ping_status":"closed","template":"","meta":{"ngg_post_thumbnail":0,"footnotes":""},"coauthors":[10],"class_list":["post-124","page","type-page","status-publish","hentry"],"_links":{"self":[{"href":"https:\/\/ppgcianimal.ufms.br\/en\/wp-json\/wp\/v2\/pages\/124","targetHints":{"allow":["GET"]}}],"collection":[{"href":"https:\/\/ppgcianimal.ufms.br\/en\/wp-json\/wp\/v2\/pages"}],"about":[{"href":"https:\/\/ppgcianimal.ufms.br\/en\/wp-json\/wp\/v2\/types\/page"}],"author":[{"embeddable":true,"href":"https:\/\/ppgcianimal.ufms.br\/en\/wp-json\/wp\/v2\/users\/13041"}],"replies":[{"embeddable":true,"href":"https:\/\/ppgcianimal.ufms.br\/en\/wp-json\/wp\/v2\/comments?post=124"}],"version-history":[{"count":134,"href":"https:\/\/ppgcianimal.ufms.br\/en\/wp-json\/wp\/v2\/pages\/124\/revisions"}],"predecessor-version":[{"id":3801,"href":"https:\/\/ppgcianimal.ufms.br\/en\/wp-json\/wp\/v2\/pages\/124\/revisions\/3801"}],"wp:attachment":[{"href":"https:\/\/ppgcianimal.ufms.br\/en\/wp-json\/wp\/v2\/media?parent=124"}],"wp:term":[{"taxonomy":"author","embeddable":true,"href":"https:\/\/ppgcianimal.ufms.br\/en\/wp-json\/wp\/v2\/coauthors?post=124"}],"curies":[{"name":"wp","href":"https:\/\/api.w.org\/{rel}","templated":true}]}}